{"id":1180,"date":"2021-04-14T12:06:38","date_gmt":"2021-04-14T12:06:38","guid":{"rendered":"https:\/\/truwahomes.com\/?page_id=1180"},"modified":"2022-10-04T09:49:25","modified_gmt":"2022-10-04T09:49:25","slug":"properties-for-sale","status":"publish","type":"page","link":"https:\/\/truwahomes.com\/tr\/properties-for-sale\/","title":{"rendered":"Sat\u0131l\u0131k m\u00fclkler"},"content":{"rendered":"","protected":false},"excerpt":{"rendered":"","protected":false},"author":5,"featured_media":0,"parent":0,"menu_order":0,"comment_status":"closed","ping_status":"closed","template":"page-estate_listing.php","meta":{"inline_featured_image":false,"footnotes":""},"class_list":["post-1180","page","type-page","status-publish","hentry"],"yoast_head":"<!-- This site is optimized with the Yoast SEO plugin v27.3 - https:\/\/yoast.com\/product\/yoast-seo-wordpress\/ -->\n<title>Sat\u0131l\u0131k m\u00fclkler - Truwa Homes<\/title>\n<meta name=\"robots\" content=\"index, follow, max-snippet:-1, max-image-preview:large, max-video-preview:-1\" \/>\n<link rel=\"canonical\" href=\"https:\/\/truwahomes.com\/properties-for-sale\/\" \/>\n<meta property=\"og:locale\" content=\"tr_TR\" \/>\n<meta property=\"og:type\" content=\"article\" \/>\n<meta property=\"og:title\" content=\"[:en]Properties For Sale[:tr]Sat\u0131l\u0131k m\u00fclkler[:ar]\u0639\u0642\u0627\u0631\u0627\u062a \u0644\u0644\u0628\u064a\u0639[:ru]\u041d\u0435\u0434\u0432\u0438\u0436\u0438\u043c\u043e\u0441\u0442\u044c \u043d\u0430 \u043f\u0440\u043e\u0434\u0430\u0436\u0443[:de]Immobilien zum Verkauf[:sv]Fastigheter till salu[:no]Eiendommer til salgs[:fa]\u0627\u0645\u0644\u0627\u06a9 \u0628\u0631\u0627\u06cc \u0641\u0631\u0648\u0634[:] - Truwa Homes\" \/>\n<meta property=\"og:url\" content=\"https:\/\/truwahomes.com\/properties-for-sale\/\" \/>\n<meta property=\"og:site_name\" content=\"Truwa Homes\" \/>\n<meta property=\"article:publisher\" content=\"https:\/\/www.facebook.com\/truwa.homes\/\" \/>\n<meta property=\"article:modified_time\" content=\"2022-10-04T09:49:25+00:00\" \/>\n<meta name=\"twitter:card\" content=\"summary_large_image\" \/>\n<script type=\"application\/ld+json\" class=\"yoast-schema-graph\">{\"@context\":\"https:\\\/\\\/schema.org\",\"@graph\":[{\"@type\":\"WebPage\",\"@id\":\"https:\\\/\\\/truwahomes.com\\\/properties-for-sale\\\/\",\"url\":\"https:\\\/\\\/truwahomes.com\\\/properties-for-sale\\\/\",\"name\":\"[:en]Properties For Sale[:tr]Sat\u0131l\u0131k m\u00fclkler[:ar]\u0639\u0642\u0627\u0631\u0627\u062a \u0644\u0644\u0628\u064a\u0639[:ru]\u041d\u0435\u0434\u0432\u0438\u0436\u0438\u043c\u043e\u0441\u0442\u044c \u043d\u0430 \u043f\u0440\u043e\u0434\u0430\u0436\u0443[:de]Immobilien zum Verkauf[:sv]Fastigheter till salu[:no]Eiendommer til salgs[:fa]\u0627\u0645\u0644\u0627\u06a9 \u0628\u0631\u0627\u06cc \u0641\u0631\u0648\u0634[:] - Truwa Homes\",\"isPartOf\":{\"@id\":\"https:\\\/\\\/truwahomes.com\\\/#website\"},\"datePublished\":\"2021-04-14T12:06:38+00:00\",\"dateModified\":\"2022-10-04T09:49:25+00:00\",\"breadcrumb\":{\"@id\":\"https:\\\/\\\/truwahomes.com\\\/properties-for-sale\\\/#breadcrumb\"},\"inLanguage\":\"tr\",\"potentialAction\":[{\"@type\":\"ReadAction\",\"target\":[\"https:\\\/\\\/truwahomes.com\\\/properties-for-sale\\\/\"]}]},{\"@type\":\"BreadcrumbList\",\"@id\":\"https:\\\/\\\/truwahomes.com\\\/properties-for-sale\\\/#breadcrumb\",\"itemListElement\":[{\"@type\":\"ListItem\",\"position\":1,\"name\":\"Home\",\"item\":\"https:\\\/\\\/truwahomes.com\\\/\"},{\"@type\":\"ListItem\",\"position\":2,\"name\":\"Properties For Sale\"}]},{\"@type\":\"WebSite\",\"@id\":\"https:\\\/\\\/truwahomes.com\\\/#website\",\"url\":\"https:\\\/\\\/truwahomes.com\\\/\",\"name\":\"Truwa Homes\",\"description\":\"Alanya da Emlak, Alanya da Gayrimenkul, Sat\u0131l\u0131k Daireler, Turkiye de Emlak,\",\"publisher\":{\"@id\":\"https:\\\/\\\/truwahomes.com\\\/#organization\"},\"potentialAction\":[{\"@type\":\"SearchAction\",\"target\":{\"@type\":\"EntryPoint\",\"urlTemplate\":\"https:\\\/\\\/truwahomes.com\\\/?s={search_term_string}\"},\"query-input\":{\"@type\":\"PropertyValueSpecification\",\"valueRequired\":true,\"valueName\":\"search_term_string\"}}],\"inLanguage\":\"tr\"},{\"@type\":\"Organization\",\"@id\":\"https:\\\/\\\/truwahomes.com\\\/#organization\",\"name\":\"Truw Homes Construction\",\"url\":\"https:\\\/\\\/truwahomes.com\\\/\",\"logo\":{\"@type\":\"ImageObject\",\"inLanguage\":\"tr\",\"@id\":\"https:\\\/\\\/truwahomes.com\\\/#\\\/schema\\\/logo\\\/image\\\/\",\"url\":\"https:\\\/\\\/truwahomes.com\\\/wp-content\\\/uploads\\\/2026\\\/01\\\/Truwa-Homes-Dik.jpg\",\"contentUrl\":\"https:\\\/\\\/truwahomes.com\\\/wp-content\\\/uploads\\\/2026\\\/01\\\/Truwa-Homes-Dik.jpg\",\"width\":1469,\"height\":1500,\"caption\":\"Truw Homes Construction\"},\"image\":{\"@id\":\"https:\\\/\\\/truwahomes.com\\\/#\\\/schema\\\/logo\\\/image\\\/\"},\"sameAs\":[\"https:\\\/\\\/www.facebook.com\\\/truwa.homes\\\/\",\"https:\\\/\\\/www.instagram.com\\\/truwahomes\\\/\",\"https:\\\/\\\/www.tiktok.com\\\/@truwahomes\"]}]}<\/script>\n<!-- \/ Yoast SEO plugin. -->","yoast_head_json":{"title":"[:en]Properties For Sale[:tr]Sat\u0131l\u0131k m\u00fclkler[:ar]\u0639\u0642\u0627\u0631\u0627\u062a \u0644\u0644\u0628\u064a\u0639[:ru]\u041d\u0435\u0434\u0432\u0438\u0436\u0438\u043c\u043e\u0441\u0442\u044c \u043d\u0430 \u043f\u0440\u043e\u0434\u0430\u0436\u0443[:de]Immobilien zum Verkauf[:sv]Fastigheter till salu[:no]Eiendommer til salgs[:fa]\u0627\u0645\u0644\u0627\u06a9 \u0628\u0631\u0627\u06cc \u0641\u0631\u0648\u0634[:] - Truwa Homes","robots":{"index":"index","follow":"follow","max-snippet":"max-snippet:-1","max-image-preview":"max-image-preview:large","max-video-preview":"max-video-preview:-1"},"canonical":"https:\/\/truwahomes.com\/properties-for-sale\/","og_locale":"tr_TR","og_type":"article","og_title":"[:en]Properties For Sale[:tr]Sat\u0131l\u0131k m\u00fclkler[:ar]\u0639\u0642\u0627\u0631\u0627\u062a \u0644\u0644\u0628\u064a\u0639[:ru]\u041d\u0435\u0434\u0432\u0438\u0436\u0438\u043c\u043e\u0441\u0442\u044c \u043d\u0430 \u043f\u0440\u043e\u0434\u0430\u0436\u0443[:de]Immobilien zum Verkauf[:sv]Fastigheter till salu[:no]Eiendommer til salgs[:fa]\u0627\u0645\u0644\u0627\u06a9 \u0628\u0631\u0627\u06cc \u0641\u0631\u0648\u0634[:] - Truwa Homes","og_url":"https:\/\/truwahomes.com\/properties-for-sale\/","og_site_name":"Truwa Homes","article_publisher":"https:\/\/www.facebook.com\/truwa.homes\/","article_modified_time":"2022-10-04T09:49:25+00:00","twitter_card":"summary_large_image","schema":{"@context":"https:\/\/schema.org","@graph":[{"@type":"WebPage","@id":"https:\/\/truwahomes.com\/properties-for-sale\/","url":"https:\/\/truwahomes.com\/properties-for-sale\/","name":"[:en]Properties For Sale[:tr]Sat\u0131l\u0131k m\u00fclkler[:ar]\u0639\u0642\u0627\u0631\u0627\u062a \u0644\u0644\u0628\u064a\u0639[:ru]\u041d\u0435\u0434\u0432\u0438\u0436\u0438\u043c\u043e\u0441\u0442\u044c \u043d\u0430 \u043f\u0440\u043e\u0434\u0430\u0436\u0443[:de]Immobilien zum Verkauf[:sv]Fastigheter till salu[:no]Eiendommer til salgs[:fa]\u0627\u0645\u0644\u0627\u06a9 \u0628\u0631\u0627\u06cc \u0641\u0631\u0648\u0634[:] - Truwa Homes","isPartOf":{"@id":"https:\/\/truwahomes.com\/#website"},"datePublished":"2021-04-14T12:06:38+00:00","dateModified":"2022-10-04T09:49:25+00:00","breadcrumb":{"@id":"https:\/\/truwahomes.com\/properties-for-sale\/#breadcrumb"},"inLanguage":"tr","potentialAction":[{"@type":"ReadAction","target":["https:\/\/truwahomes.com\/properties-for-sale\/"]}]},{"@type":"BreadcrumbList","@id":"https:\/\/truwahomes.com\/properties-for-sale\/#breadcrumb","itemListElement":[{"@type":"ListItem","position":1,"name":"Home","item":"https:\/\/truwahomes.com\/"},{"@type":"ListItem","position":2,"name":"Properties For Sale"}]},{"@type":"WebSite","@id":"https:\/\/truwahomes.com\/#website","url":"https:\/\/truwahomes.com\/","name":"Truwa Homes","description":"Alanya da Emlak, Alanya da Gayrimenkul, Sat\u0131l\u0131k Daireler, Turkiye de Emlak,","publisher":{"@id":"https:\/\/truwahomes.com\/#organization"},"potentialAction":[{"@type":"SearchAction","target":{"@type":"EntryPoint","urlTemplate":"https:\/\/truwahomes.com\/?s={search_term_string}"},"query-input":{"@type":"PropertyValueSpecification","valueRequired":true,"valueName":"search_term_string"}}],"inLanguage":"tr"},{"@type":"Organization","@id":"https:\/\/truwahomes.com\/#organization","name":"Truw Homes Construction","url":"https:\/\/truwahomes.com\/","logo":{"@type":"ImageObject","inLanguage":"tr","@id":"https:\/\/truwahomes.com\/#\/schema\/logo\/image\/","url":"https:\/\/truwahomes.com\/wp-content\/uploads\/2026\/01\/Truwa-Homes-Dik.jpg","contentUrl":"https:\/\/truwahomes.com\/wp-content\/uploads\/2026\/01\/Truwa-Homes-Dik.jpg","width":1469,"height":1500,"caption":"Truw Homes Construction"},"image":{"@id":"https:\/\/truwahomes.com\/#\/schema\/logo\/image\/"},"sameAs":["https:\/\/www.facebook.com\/truwa.homes\/","https:\/\/www.instagram.com\/truwahomes\/","https:\/\/www.tiktok.com\/@truwahomes"]}]}},"_links":{"self":[{"href":"https:\/\/truwahomes.com\/tr\/wp-json\/wp\/v2\/pages\/1180","targetHints":{"allow":["GET"]}}],"collection":[{"href":"https:\/\/truwahomes.com\/tr\/wp-json\/wp\/v2\/pages"}],"about":[{"href":"https:\/\/truwahomes.com\/tr\/wp-json\/wp\/v2\/types\/page"}],"author":[{"embeddable":true,"href":"https:\/\/truwahomes.com\/tr\/wp-json\/wp\/v2\/users\/5"}],"replies":[{"embeddable":true,"href":"https:\/\/truwahomes.com\/tr\/wp-json\/wp\/v2\/comments?post=1180"}],"version-history":[{"count":2,"href":"https:\/\/truwahomes.com\/tr\/wp-json\/wp\/v2\/pages\/1180\/revisions"}],"predecessor-version":[{"id":18218,"href":"https:\/\/truwahomes.com\/tr\/wp-json\/wp\/v2\/pages\/1180\/revisions\/18218"}],"wp:attachment":[{"href":"https:\/\/truwahomes.com\/tr\/wp-json\/wp\/v2\/media?parent=1180"}],"curies":[{"name":"wp","href":"https:\/\/api.w.org\/{rel}","templated":true}]}}