{"id":1311,"date":"2021-04-27T07:28:07","date_gmt":"2021-04-27T07:28:07","guid":{"rendered":"https:\/\/truwahomes.com\/?page_id=1311"},"modified":"2023-01-20T15:58:48","modified_gmt":"2023-01-20T15:58:48","slug":"about-us","status":"publish","type":"page","link":"https:\/\/truwahomes.com\/tr\/about-us\/","title":{"rendered":"Hakk\u0131m\u0131zda"},"content":{"rendered":"<p>[vc_row][vc_column]<div class=\"hero cast-title title-smaller\"><strong>Truwa Homes Hakk\u0131nda<\/strong><\/div>[vc_column_text]Faaliyetlerimize ba\u015flad\u0131\u011f\u0131m\u0131z 2018 y\u0131l\u0131ndan bu yana farkl\u0131 sekt\u00f6rlerde pek \u00e7ok prestijli i\u015f kolunda hedeflerimizi ba\u015far\u0131yla hayata ge\u00e7irerek in\u015faat, proje sat\u0131\u015f ve pazarlama, havuz kimyasallar\u0131 ve havuz sistemleri, in\u015faat proje dan\u0131\u015fmanl\u0131\u011f\u0131, mobilya ve toptan i\u00e7ecek sekt\u00f6rlerinde ayr\u0131 \u015firketlerle \u00f6nc\u00fc bir kimlik kazand\u0131k.<\/p>\n<p>Ana i\u015f kolumuz olan markal\u0131 konut alan\u0131nda ve proje sat\u0131\u015f\u0131 konusunda \u015firket vizyonumuzu daha ileriye ta\u015f\u0131mak i\u00e7in yeni projelere imzalar at\u0131yoruz.<\/p>\n<p>Projeden konut sat\u0131\u015flar\u0131nda anla\u015fma sa\u011flad\u0131\u011f\u0131m\u0131z projeleri pazarlayarak onlarca m\u00fc\u015fteriyi estetik, g\u00fcvenli ve aktivite dolu yuvalar\u0131na kavu\u015fturduk. Yat\u0131r\u0131m konusunda fikirler verip do\u011fru yerden do\u011fru yat\u0131r\u0131m\u0131 yapmalar\u0131n\u0131 sa\u011flad\u0131k.<\/p>\n<p>\u0130n\u015faat \u015firketimiz olan Truwa Construction ile beraber proje a\u015famas\u0131ndan ba\u015flayarak proje geli\u015ftirme, anahtar teslim taahh\u00fct i\u015fleriyle beraber villa, ofis ve daire projeleri \u00fcretimi yapan bir \u015firketler grubu olarak \u00f6ne \u00e7\u0131k\u0131yoruz.<\/p>\n<p>Gelece\u011fe yenilik\u00e7i yat\u0131r\u0131mlar yaparak ya\u015fam i\u00e7in en ideal ko\u015fullar\u0131 olu\u015fturmay\u0131 hedefliyoruz. \u00dcretti\u011fimiz her eserle i\u00e7inde bulundu\u011fumuz topluma kal\u0131c\u0131 ve mutlu de\u011ferler katmay\u0131 ama\u00e7l\u0131yoruz. \u0130n\u015faat sekt\u00f6r\u00fcnde do\u011fru ve istikrarl\u0131 b\u00fcy\u00fcmemizi s\u00fcrd\u00fcr\u00fcrken 2020 y\u0131l\u0131nda ba\u015flad\u0131\u011f\u0131m\u0131z proje sat\u0131\u015f ve pazarlama sekt\u00f6r\u00fcnde de de\u011ferli ba\u015far\u0131lara imza atmaktay\u0131z.<\/p>\n<p>Siz de\u011ferli dan\u0131\u015fanlar\u0131m\u0131z\u0131 ev sahibi yapmaktan mutluluk duyuyoruz.<\/p>\n<p><img loading=\"lazy\" decoding=\"async\" class=\"alignnone wp-image-25023 size-full\" src=\"https:\/\/truwahomes.com\/wp-content\/uploads\/2023\/01\/truwa.jpg\" alt=\"\" width=\"1500\" height=\"728\" \/>[\/vc_column_text][\/vc_column][\/vc_row][vc_row][vc_column el_class=&#8221;listing-form-area&#8221;]<div class=\"hero text-left\">Size \u00d6zel Portf\u00f6y Sunumu i\u00e7in \u0130rtibata Ge\u00e7iniz.<\/div><div class=\"desc subhead\">A\u015fa\u011f\u0131daki Mail Formuna Bilgilerinizi Girin, Dan\u0131\u015fmanlar\u0131m\u0131z Size Detayl\u0131 Bilgi Versin.<\/div>\n<div class=\"wpcf7 no-js\" id=\"wpcf7-f18785-o1\" lang=\"en-US\" dir=\"ltr\" data-wpcf7-id=\"18785\">\n<div class=\"screen-reader-response\"><p role=\"status\" aria-live=\"polite\" aria-atomic=\"true\"><\/p> <ul><\/ul><\/div>\n<form action=\"\/tr\/wp-json\/wp\/v2\/pages\/1311#wpcf7-f18785-o1\" method=\"post\" class=\"wpcf7-form init\" aria-label=\"Contact form\" novalidate=\"novalidate\" data-status=\"init\">\n<fieldset class=\"hidden-fields-container\"><input type=\"hidden\" name=\"_wpcf7\" value=\"18785\" \/><input type=\"hidden\" name=\"_wpcf7_version\" value=\"6.1.5\" \/><input type=\"hidden\" name=\"_wpcf7_locale\" value=\"en_US\" \/><input type=\"hidden\" name=\"_wpcf7_unit_tag\" value=\"wpcf7-f18785-o1\" \/><input type=\"hidden\" name=\"_wpcf7_container_post\" value=\"0\" \/><input type=\"hidden\" name=\"_wpcf7_posted_data_hash\" value=\"\" \/><input type=\"hidden\" name=\"_wpcf7_recaptcha_response\" value=\"\" \/>\n<\/fieldset>\n<div class=\"fields fields-3\">\n<span class=\"wpcf7-form-control-wrap\" data-name=\"your-name\"><input size=\"40\" maxlength=\"400\" class=\"wpcf7-form-control wpcf7-text wpcf7-validates-as-required name\" aria-required=\"true\" aria-invalid=\"false\" placeholder=\"\u0130sim*\" value=\"\" type=\"text\" name=\"your-name\" \/><\/span>\n<span class=\"wpcf7-form-control-wrap\" data-name=\"your-email\"><input size=\"40\" maxlength=\"400\" class=\"wpcf7-form-control wpcf7-email wpcf7-validates-as-required wpcf7-text wpcf7-validates-as-email email\" aria-required=\"true\" aria-invalid=\"false\" placeholder=\"E-Mail*\" value=\"\" type=\"email\" name=\"your-email\" \/><\/span>\n<span class=\"wpcf7-form-control-wrap\" data-name=\"your-phone\"><input size=\"40\" maxlength=\"400\" class=\"wpcf7-form-control wpcf7-tel wpcf7-text wpcf7-validates-as-tel phone\" aria-invalid=\"false\" placeholder=\"Telefon\" value=\"\" type=\"tel\" name=\"your-phone\" \/><\/span>\n<\/div>\n<div class=\"fields fields-odd\">\n<span class=\"wpcf7-form-control-wrap\" data-name=\"your-question\"><input size=\"40\" maxlength=\"400\" class=\"wpcf7-form-control wpcf7-text wpcf7-validates-as-required question\" aria-required=\"true\" aria-invalid=\"false\" placeholder=\"Sorunuz?\" value=\"\" type=\"text\" name=\"your-question\" \/><\/span> \n<input class=\"wpcf7-form-control wpcf7-submit has-spinner\" type=\"submit\" value=\"G\u00d6NDER\" \/>\n<\/div><div class=\"wpcf7-response-output\" aria-hidden=\"true\"><\/div>\n<\/form>\n<\/div>\n[vc_empty_space][\/vc_column][\/vc_row]<\/p>","protected":false},"excerpt":{"rendered":"<p>[vc_row][vc_column][vc_column_text]Faaliyetlerimize ba\u015flad\u0131\u011f\u0131m\u0131z 2018 y\u0131l\u0131ndan bu yana farkl\u0131 sekt\u00f6rlerde pek \u00e7ok prestijli i\u015f kolunda hedeflerimizi ba\u015far\u0131yla hayata ge\u00e7irerek in\u015faat, proje sat\u0131\u015f ve pazarlama, havuz kimyasallar\u0131 ve havuz sistemleri, in\u015faat proje dan\u0131\u015fmanl\u0131\u011f\u0131, mobilya ve toptan i\u00e7ecek sekt\u00f6rlerinde ayr\u0131 \u015firketlerle \u00f6nc\u00fc bir kimlik kazand\u0131k. Ana i\u015f kolumuz olan markal\u0131 konut alan\u0131nda ve proje sat\u0131\u015f\u0131 konusunda \u015firket vizyonumuzu daha [&hellip;]<\/p>\n","protected":false},"author":5,"featured_media":0,"parent":0,"menu_order":0,"comment_status":"closed","ping_status":"closed","template":"","meta":{"inline_featured_image":false,"footnotes":""},"class_list":["post-1311","page","type-page","status-publish","hentry"],"yoast_head":"<!-- This site is optimized with the Yoast SEO plugin v27.5 - https:\/\/yoast.com\/product\/yoast-seo-wordpress\/ -->\n<title>Hakk\u0131m\u0131zda - Truwa Homes<\/title>\n<meta name=\"robots\" content=\"index, follow, max-snippet:-1, max-image-preview:large, max-video-preview:-1\" \/>\n<link rel=\"canonical\" href=\"https:\/\/truwahomes.com\/about-us\/\" \/>\n<meta property=\"og:locale\" content=\"tr_TR\" \/>\n<meta property=\"og:type\" content=\"article\" \/>\n<meta property=\"og:title\" content=\"[:tr]Hakk\u0131m\u0131zda[:en]About Us[:ru]\u041e \u043d\u0430\u0441[:de]\u00dcber uns[:ar]\u0645\u0639\u0644\u0648\u0645\u0627\u062a \u0639\u0646\u0627[:sv]Om oss[:no]Om oss[:fa]\u062f\u0631\u0628\u0627\u0631\u0647 \u0645\u0627[:] - Truwa Homes\" \/>\n<meta property=\"og:description\" content=\"[vc_row][vc_column][vc_column_text]Faaliyetlerimize ba\u015flad\u0131\u011f\u0131m\u0131z 2018 y\u0131l\u0131ndan bu yana farkl\u0131 sekt\u00f6rlerde pek \u00e7ok prestijli i\u015f kolunda hedeflerimizi ba\u015far\u0131yla hayata ge\u00e7irerek in\u015faat, proje sat\u0131\u015f ve pazarlama, havuz kimyasallar\u0131 ve havuz sistemleri, in\u015faat proje dan\u0131\u015fmanl\u0131\u011f\u0131, mobilya ve toptan i\u00e7ecek sekt\u00f6rlerinde ayr\u0131 \u015firketlerle \u00f6nc\u00fc bir kimlik kazand\u0131k. Ana i\u015f kolumuz olan markal\u0131 konut alan\u0131nda ve proje sat\u0131\u015f\u0131 konusunda \u015firket vizyonumuzu daha [&hellip;]\" \/>\n<meta property=\"og:url\" content=\"https:\/\/truwahomes.com\/about-us\/\" \/>\n<meta property=\"og:site_name\" content=\"Truwa Homes\" \/>\n<meta property=\"article:publisher\" content=\"https:\/\/www.facebook.com\/truwa.homes\/\" \/>\n<meta property=\"article:modified_time\" content=\"2023-01-20T15:58:48+00:00\" \/>\n<meta property=\"og:image\" content=\"https:\/\/truwahomes.com\/wp-content\/uploads\/2023\/01\/truwa.jpg\" \/>\n<meta name=\"twitter:card\" content=\"summary_large_image\" \/>\n<meta name=\"twitter:label1\" content=\"Tahmini okuma s\u00fcresi\" \/>\n\t<meta name=\"twitter:data1\" content=\"15 dakika\" \/>\n<script type=\"application\/ld+json\" class=\"yoast-schema-graph\">{\"@context\":\"https:\\\/\\\/schema.org\",\"@graph\":[{\"@type\":\"WebPage\",\"@id\":\"https:\\\/\\\/truwahomes.com\\\/about-us\\\/\",\"url\":\"https:\\\/\\\/truwahomes.com\\\/about-us\\\/\",\"name\":\"[:tr]Hakk\u0131m\u0131zda[:en]About Us[:ru]\u041e \u043d\u0430\u0441[:de]\u00dcber uns[:ar]\u0645\u0639\u0644\u0648\u0645\u0627\u062a \u0639\u0646\u0627[:sv]Om oss[:no]Om oss[:fa]\u062f\u0631\u0628\u0627\u0631\u0647 \u0645\u0627[:] - Truwa Homes\",\"isPartOf\":{\"@id\":\"https:\\\/\\\/truwahomes.com\\\/#website\"},\"primaryImageOfPage\":{\"@id\":\"https:\\\/\\\/truwahomes.com\\\/about-us\\\/#primaryimage\"},\"image\":{\"@id\":\"https:\\\/\\\/truwahomes.com\\\/about-us\\\/#primaryimage\"},\"thumbnailUrl\":\"https:\\\/\\\/truwahomes.com\\\/wp-content\\\/uploads\\\/2023\\\/01\\\/truwa.jpg\",\"datePublished\":\"2021-04-27T07:28:07+00:00\",\"dateModified\":\"2023-01-20T15:58:48+00:00\",\"breadcrumb\":{\"@id\":\"https:\\\/\\\/truwahomes.com\\\/about-us\\\/#breadcrumb\"},\"inLanguage\":\"tr\",\"potentialAction\":[{\"@type\":\"ReadAction\",\"target\":[\"https:\\\/\\\/truwahomes.com\\\/about-us\\\/\"]}]},{\"@type\":\"ImageObject\",\"inLanguage\":\"tr\",\"@id\":\"https:\\\/\\\/truwahomes.com\\\/about-us\\\/#primaryimage\",\"url\":\"https:\\\/\\\/truwahomes.com\\\/wp-content\\\/uploads\\\/2023\\\/01\\\/truwa.jpg\",\"contentUrl\":\"https:\\\/\\\/truwahomes.com\\\/wp-content\\\/uploads\\\/2023\\\/01\\\/truwa.jpg\"},{\"@type\":\"BreadcrumbList\",\"@id\":\"https:\\\/\\\/truwahomes.com\\\/about-us\\\/#breadcrumb\",\"itemListElement\":[{\"@type\":\"ListItem\",\"position\":1,\"name\":\"Home\",\"item\":\"https:\\\/\\\/truwahomes.com\\\/\"},{\"@type\":\"ListItem\",\"position\":2,\"name\":\"About Us\"}]},{\"@type\":\"WebSite\",\"@id\":\"https:\\\/\\\/truwahomes.com\\\/#website\",\"url\":\"https:\\\/\\\/truwahomes.com\\\/\",\"name\":\"Truwa Homes\",\"description\":\"Alanya da Emlak, Alanya da Gayrimenkul, Sat\u0131l\u0131k Daireler, Turkiye de Emlak,\",\"publisher\":{\"@id\":\"https:\\\/\\\/truwahomes.com\\\/#organization\"},\"potentialAction\":[{\"@type\":\"SearchAction\",\"target\":{\"@type\":\"EntryPoint\",\"urlTemplate\":\"https:\\\/\\\/truwahomes.com\\\/?s={search_term_string}\"},\"query-input\":{\"@type\":\"PropertyValueSpecification\",\"valueRequired\":true,\"valueName\":\"search_term_string\"}}],\"inLanguage\":\"tr\"},{\"@type\":\"Organization\",\"@id\":\"https:\\\/\\\/truwahomes.com\\\/#organization\",\"name\":\"Truw Homes Construction\",\"url\":\"https:\\\/\\\/truwahomes.com\\\/\",\"logo\":{\"@type\":\"ImageObject\",\"inLanguage\":\"tr\",\"@id\":\"https:\\\/\\\/truwahomes.com\\\/#\\\/schema\\\/logo\\\/image\\\/\",\"url\":\"https:\\\/\\\/truwahomes.com\\\/wp-content\\\/uploads\\\/2026\\\/01\\\/Truwa-Homes-Dik.jpg\",\"contentUrl\":\"https:\\\/\\\/truwahomes.com\\\/wp-content\\\/uploads\\\/2026\\\/01\\\/Truwa-Homes-Dik.jpg\",\"width\":1469,\"height\":1500,\"caption\":\"Truw Homes Construction\"},\"image\":{\"@id\":\"https:\\\/\\\/truwahomes.com\\\/#\\\/schema\\\/logo\\\/image\\\/\"},\"sameAs\":[\"https:\\\/\\\/www.facebook.com\\\/truwa.homes\\\/\",\"https:\\\/\\\/www.instagram.com\\\/truwahomes\\\/\",\"https:\\\/\\\/www.tiktok.com\\\/@truwahomes\"]}]}<\/script>\n<!-- \/ Yoast SEO plugin. -->","yoast_head_json":{"title":"[:tr]Hakk\u0131m\u0131zda[:en]About Us[:ru]\u041e \u043d\u0430\u0441[:de]\u00dcber uns[:ar]\u0645\u0639\u0644\u0648\u0645\u0627\u062a \u0639\u0646\u0627[:sv]Om oss[:no]Om oss[:fa]\u062f\u0631\u0628\u0627\u0631\u0647 \u0645\u0627[:] - Truwa Homes","robots":{"index":"index","follow":"follow","max-snippet":"max-snippet:-1","max-image-preview":"max-image-preview:large","max-video-preview":"max-video-preview:-1"},"canonical":"https:\/\/truwahomes.com\/about-us\/","og_locale":"tr_TR","og_type":"article","og_title":"[:tr]Hakk\u0131m\u0131zda[:en]About Us[:ru]\u041e \u043d\u0430\u0441[:de]\u00dcber uns[:ar]\u0645\u0639\u0644\u0648\u0645\u0627\u062a \u0639\u0646\u0627[:sv]Om oss[:no]Om oss[:fa]\u062f\u0631\u0628\u0627\u0631\u0647 \u0645\u0627[:] - Truwa Homes","og_description":"[vc_row][vc_column][vc_column_text]Faaliyetlerimize ba\u015flad\u0131\u011f\u0131m\u0131z 2018 y\u0131l\u0131ndan bu yana farkl\u0131 sekt\u00f6rlerde pek \u00e7ok prestijli i\u015f kolunda hedeflerimizi ba\u015far\u0131yla hayata ge\u00e7irerek in\u015faat, proje sat\u0131\u015f ve pazarlama, havuz kimyasallar\u0131 ve havuz sistemleri, in\u015faat proje dan\u0131\u015fmanl\u0131\u011f\u0131, mobilya ve toptan i\u00e7ecek sekt\u00f6rlerinde ayr\u0131 \u015firketlerle \u00f6nc\u00fc bir kimlik kazand\u0131k. Ana i\u015f kolumuz olan markal\u0131 konut alan\u0131nda ve proje sat\u0131\u015f\u0131 konusunda \u015firket vizyonumuzu daha [&hellip;]","og_url":"https:\/\/truwahomes.com\/about-us\/","og_site_name":"Truwa Homes","article_publisher":"https:\/\/www.facebook.com\/truwa.homes\/","article_modified_time":"2023-01-20T15:58:48+00:00","og_image":[{"url":"https:\/\/truwahomes.com\/wp-content\/uploads\/2023\/01\/truwa.jpg","type":"","width":"","height":""}],"twitter_card":"summary_large_image","twitter_misc":{"Tahmini okuma s\u00fcresi":"15 dakika"},"schema":{"@context":"https:\/\/schema.org","@graph":[{"@type":"WebPage","@id":"https:\/\/truwahomes.com\/about-us\/","url":"https:\/\/truwahomes.com\/about-us\/","name":"[:tr]Hakk\u0131m\u0131zda[:en]About Us[:ru]\u041e \u043d\u0430\u0441[:de]\u00dcber uns[:ar]\u0645\u0639\u0644\u0648\u0645\u0627\u062a \u0639\u0646\u0627[:sv]Om oss[:no]Om oss[:fa]\u062f\u0631\u0628\u0627\u0631\u0647 \u0645\u0627[:] - Truwa Homes","isPartOf":{"@id":"https:\/\/truwahomes.com\/#website"},"primaryImageOfPage":{"@id":"https:\/\/truwahomes.com\/about-us\/#primaryimage"},"image":{"@id":"https:\/\/truwahomes.com\/about-us\/#primaryimage"},"thumbnailUrl":"https:\/\/truwahomes.com\/wp-content\/uploads\/2023\/01\/truwa.jpg","datePublished":"2021-04-27T07:28:07+00:00","dateModified":"2023-01-20T15:58:48+00:00","breadcrumb":{"@id":"https:\/\/truwahomes.com\/about-us\/#breadcrumb"},"inLanguage":"tr","potentialAction":[{"@type":"ReadAction","target":["https:\/\/truwahomes.com\/about-us\/"]}]},{"@type":"ImageObject","inLanguage":"tr","@id":"https:\/\/truwahomes.com\/about-us\/#primaryimage","url":"https:\/\/truwahomes.com\/wp-content\/uploads\/2023\/01\/truwa.jpg","contentUrl":"https:\/\/truwahomes.com\/wp-content\/uploads\/2023\/01\/truwa.jpg"},{"@type":"BreadcrumbList","@id":"https:\/\/truwahomes.com\/about-us\/#breadcrumb","itemListElement":[{"@type":"ListItem","position":1,"name":"Home","item":"https:\/\/truwahomes.com\/"},{"@type":"ListItem","position":2,"name":"About Us"}]},{"@type":"WebSite","@id":"https:\/\/truwahomes.com\/#website","url":"https:\/\/truwahomes.com\/","name":"Truwa Homes","description":"Alanya da Emlak, Alanya da Gayrimenkul, Sat\u0131l\u0131k Daireler, Turkiye de Emlak,","publisher":{"@id":"https:\/\/truwahomes.com\/#organization"},"potentialAction":[{"@type":"SearchAction","target":{"@type":"EntryPoint","urlTemplate":"https:\/\/truwahomes.com\/?s={search_term_string}"},"query-input":{"@type":"PropertyValueSpecification","valueRequired":true,"valueName":"search_term_string"}}],"inLanguage":"tr"},{"@type":"Organization","@id":"https:\/\/truwahomes.com\/#organization","name":"Truw Homes Construction","url":"https:\/\/truwahomes.com\/","logo":{"@type":"ImageObject","inLanguage":"tr","@id":"https:\/\/truwahomes.com\/#\/schema\/logo\/image\/","url":"https:\/\/truwahomes.com\/wp-content\/uploads\/2026\/01\/Truwa-Homes-Dik.jpg","contentUrl":"https:\/\/truwahomes.com\/wp-content\/uploads\/2026\/01\/Truwa-Homes-Dik.jpg","width":1469,"height":1500,"caption":"Truw Homes Construction"},"image":{"@id":"https:\/\/truwahomes.com\/#\/schema\/logo\/image\/"},"sameAs":["https:\/\/www.facebook.com\/truwa.homes\/","https:\/\/www.instagram.com\/truwahomes\/","https:\/\/www.tiktok.com\/@truwahomes"]}]}},"_links":{"self":[{"href":"https:\/\/truwahomes.com\/tr\/wp-json\/wp\/v2\/pages\/1311","targetHints":{"allow":["GET"]}}],"collection":[{"href":"https:\/\/truwahomes.com\/tr\/wp-json\/wp\/v2\/pages"}],"about":[{"href":"https:\/\/truwahomes.com\/tr\/wp-json\/wp\/v2\/types\/page"}],"author":[{"embeddable":true,"href":"https:\/\/truwahomes.com\/tr\/wp-json\/wp\/v2\/users\/5"}],"replies":[{"embeddable":true,"href":"https:\/\/truwahomes.com\/tr\/wp-json\/wp\/v2\/comments?post=1311"}],"version-history":[{"count":3,"href":"https:\/\/truwahomes.com\/tr\/wp-json\/wp\/v2\/pages\/1311\/revisions"}],"predecessor-version":[{"id":25038,"href":"https:\/\/truwahomes.com\/tr\/wp-json\/wp\/v2\/pages\/1311\/revisions\/25038"}],"wp:attachment":[{"href":"https:\/\/truwahomes.com\/tr\/wp-json\/wp\/v2\/media?parent=1311"}],"curies":[{"name":"wp","href":"https:\/\/api.w.org\/{rel}","templated":true}]}}