{"id":2127,"date":"2022-02-26T14:44:20","date_gmt":"2022-02-26T14:44:20","guid":{"rendered":"https:\/\/truwahomes.com\/?page_id=2127"},"modified":"2026-01-24T20:03:42","modified_gmt":"2026-01-24T20:03:42","slug":"services-template","status":"publish","type":"page","link":"https:\/\/truwahomes.com\/tr\/services-template\/","title":{"rendered":"Hizmetler"},"content":{"rendered":"<p>[vc_row full_width=&#8221;stretch_row&#8221; css=&#8221;.vc_custom_1672669470759{background: #ffffff url(https:\/\/truwahomes.com\/wp-content\/uploads\/2022\/02\/christin-hume-Hcfwew744z4-unsplash-scaled.jpg?id=2129) !important;background-position: center !important;background-repeat: no-repeat !important;background-size: cover !important;}&#8221;][vc_column width=&#8221;1\/6&#8243; offset=&#8221;vc_hidden-md&#8221;][vc_single_image image=&#8221;22372&#8243; img_size=&#8221;full&#8221; alignment=&#8221;center&#8221;][\/vc_column][vc_column width=&#8221;2\/3&#8243;][vc_column_text]<strong>Gayrimenkul Al\u0131m\u0131nda Sunum ve Rehberlik<\/strong>[\/vc_column_text][vc_column_text]M\u00fc\u015fterilerimize do\u011fru projeden ev almalar\u0131 i\u00e7in \u00f6ncelikle ofisimiz de sunum yapt\u0131ktan sonra be\u011fenilen ve se\u00e7ilen her projeyi yerinde g\u00f6rme a\u015famas\u0131nda yard\u0131mc\u0131 oluyoruz.[\/vc_column_text][\/vc_column][\/vc_row][vc_row full_width=&#8221;stretch_row&#8221; css=&#8221;.vc_custom_1672669470759{background: #ffffff url(https:\/\/truwahomes.com\/wp-content\/uploads\/2022\/02\/christin-hume-Hcfwew744z4-unsplash-scaled.jpg?id=2129) !important;background-position: center !important;background-repeat: no-repeat !important;background-size: cover !important;}&#8221;][vc_column width=&#8221;1\/6&#8243;][vc_single_image image=&#8221;22292&#8243; img_size=&#8221;full&#8221; alignment=&#8221;center&#8221;][\/vc_column][vc_column width=&#8221;2\/3&#8243;][vc_column_text]<strong>Vergi Kimlik Numaras\u0131 Edinme<\/strong>[\/vc_column_text][vc_column_text]Yabanc\u0131 uyruklu m\u00fc\u015fterilerimizin tapu, banka ve para al\u0131\u015fveri\u015f i\u015flemleri i\u00e7in vergi kimlik numaras\u0131 almas\u0131 zorunludur. Bu konuda m\u00fc\u015fterilerimizi yaln\u0131z b\u0131rakm\u0131yoruz ve gerekli i\u015flemleri beraber yap\u0131yoruz.[\/vc_column_text][\/vc_column][\/vc_row][vc_row full_width=&#8221;stretch_row&#8221; css=&#8221;.vc_custom_1672669470759{background: #ffffff url(https:\/\/truwahomes.com\/wp-content\/uploads\/2022\/02\/christin-hume-Hcfwew744z4-unsplash-scaled.jpg?id=2129) !important;background-position: center !important;background-repeat: no-repeat !important;background-size: cover !important;}&#8221;][vc_column width=&#8221;1\/6&#8243;][vc_single_image image=&#8221;22344&#8243; img_size=&#8221;full&#8221; alignment=&#8221;center&#8221;][\/vc_column][vc_column width=&#8221;2\/3&#8243;][vc_column_text]<strong>Banka Hesab\u0131 A\u00e7ma<\/strong>[\/vc_column_text][vc_column_text]Vergi Kimlik numaran\u0131z\u0131 ald\u0131ktan sonra tapu da para al\u0131\u015fveri\u015fi sa\u011flamak ya da d\u00f6viz i\u015flemlerini yapmak i\u00e7in banka hesab\u0131 a\u00e7ma konusunda sizlere refakat ediyoruz.[\/vc_column_text][\/vc_column][\/vc_row][vc_row full_width=&#8221;stretch_row&#8221; css=&#8221;.vc_custom_1672669470759{background: #ffffff url(https:\/\/truwahomes.com\/wp-content\/uploads\/2022\/02\/christin-hume-Hcfwew744z4-unsplash-scaled.jpg?id=2129) !important;background-position: center !important;background-repeat: no-repeat !important;background-size: cover !important;}&#8221;][vc_column width=&#8221;1\/6&#8243;][vc_single_image image=&#8221;22346&#8243; img_size=&#8221;full&#8221; alignment=&#8221;center&#8221;][\/vc_column][vc_column width=&#8221;2\/3&#8243;][vc_column_text]<strong>S\u00f6zle\u015fme S\u00fcrecinin Y\u00f6netimi<\/strong>[\/vc_column_text][vc_column_text]Hayal etti\u011finiz daireyi be\u011fendikten sonra sat\u0131c\u0131larla yap\u0131lacak olan s\u00f6zle\u015fme s\u00fcrecini tamamen biz y\u00f6netiyoruz. \u0130stedi\u011finiz taktirde profesyonel ekibimize vekalet vererek s\u00fcreci h\u0131zland\u0131rabilirsiniz.[\/vc_column_text][\/vc_column][\/vc_row][vc_row full_width=&#8221;stretch_row&#8221; css=&#8221;.vc_custom_1672669470759{background: #ffffff url(https:\/\/truwahomes.com\/wp-content\/uploads\/2022\/02\/christin-hume-Hcfwew744z4-unsplash-scaled.jpg?id=2129) !important;background-position: center !important;background-repeat: no-repeat !important;background-size: cover !important;}&#8221;][vc_column width=&#8221;1\/6&#8243;][vc_single_image image=&#8221;22390&#8243; img_size=&#8221;full&#8221; alignment=&#8221;center&#8221;][\/vc_column][vc_column width=&#8221;2\/3&#8243;][vc_column_text]<strong>Gayrimenkul Ekspertiz \u0130\u015flemleri<\/strong>[\/vc_column_text][vc_column_text]T\u00fcrkiye\u2019de bir gayrimenkul al\u0131nmadan \u00f6nce de\u011ferleme raporu yap\u0131lmas\u0131 zorunludur. Ekspertiz de\u011ferleme raporu yap\u0131l\u0131\u015f a\u015famalar\u0131 bizim kontrol\u00fcm\u00fczde ilerlemektedir.[\/vc_column_text][\/vc_column][\/vc_row][vc_row full_width=&#8221;stretch_row&#8221; css=&#8221;.vc_custom_1672669470759{background: #ffffff url(https:\/\/truwahomes.com\/wp-content\/uploads\/2022\/02\/christin-hume-Hcfwew744z4-unsplash-scaled.jpg?id=2129) !important;background-position: center !important;background-repeat: no-repeat !important;background-size: cover !important;}&#8221;][vc_column width=&#8221;1\/6&#8243;][vc_single_image image=&#8221;22396&#8243; img_size=&#8221;full&#8221; alignment=&#8221;center&#8221;][\/vc_column][vc_column width=&#8221;2\/3&#8243;][vc_column_text]<strong>Tapu \u0130\u015flemleriyle Alakal\u0131 Dan\u0131\u015fmanl\u0131k<\/strong>[\/vc_column_text][vc_column_text]Gayrimenkul al\u0131rken Tapu ve Kadastro M\u00fcd\u00fcrl\u00fcklerinde yap\u0131lan i\u015flemler de tapu i\u00e7in gerekli evraklar\u0131n teminini ve teslimini yaparak tapu ba\u015fvurusunu WEBTAPU \u00fczerinden ger\u00e7ekle\u015ftiriyoruz.[\/vc_column_text][\/vc_column][\/vc_row][vc_row full_width=&#8221;stretch_row&#8221; css=&#8221;.vc_custom_1672669470759{background: #ffffff url(https:\/\/truwahomes.com\/wp-content\/uploads\/2022\/02\/christin-hume-Hcfwew744z4-unsplash-scaled.jpg?id=2129) !important;background-position: center !important;background-repeat: no-repeat !important;background-size: cover !important;}&#8221;][vc_column width=&#8221;1\/6&#8243;][vc_single_image image=&#8221;22397&#8243; img_size=&#8221;full&#8221; alignment=&#8221;center&#8221;][\/vc_column][vc_column width=&#8221;2\/3&#8243;][vc_column_text]<strong>Sat\u0131n Al\u0131nan Gayrimenkul\u00fcn Temizli\u011fi<\/strong>[\/vc_column_text][vc_column_text]E\u011fer isterseniz sat\u0131n alm\u0131\u015f oldu\u011funuz gayrimenkul\u00fc s\u00fcrekli \u00e7al\u0131\u015ft\u0131\u011f\u0131m\u0131z temizlik firmalar\u0131na temizletip sizler i\u00e7in oturulabilir haz\u0131r hale getiriyoruz.[\/vc_column_text][\/vc_column][\/vc_row][vc_row full_width=&#8221;stretch_row&#8221; css=&#8221;.vc_custom_1672669470759{background: #ffffff url(https:\/\/truwahomes.com\/wp-content\/uploads\/2022\/02\/christin-hume-Hcfwew744z4-unsplash-scaled.jpg?id=2129) !important;background-position: center !important;background-repeat: no-repeat !important;background-size: cover !important;}&#8221;][vc_column width=&#8221;1\/6&#8243;][vc_single_image image=&#8221;22414&#8243; img_size=&#8221;full&#8221; alignment=&#8221;center&#8221;][\/vc_column][vc_column width=&#8221;2\/3&#8243;][vc_column_text]<strong>Konut Sigortas\u0131<\/strong>[\/vc_column_text][vc_column_text]T\u00fcrkiye\u2019de gayrimenkul al\u0131m\u0131nda \u00f6zel konut sigortas\u0131n\u0131n yan\u0131 s\u0131ra deprem sigortas\u0131 (DASK) zorunlulu\u011fu bulunmaktad\u0131r. Sigorta i\u015flemlerini istedi\u011finiz taktirde sizin i\u00e7in ger\u00e7ekle\u015ftiriyoruz.[\/vc_column_text][\/vc_column][\/vc_row][vc_row full_width=&#8221;stretch_row&#8221; css=&#8221;.vc_custom_1672669470759{background: #ffffff url(https:\/\/truwahomes.com\/wp-content\/uploads\/2022\/02\/christin-hume-Hcfwew744z4-unsplash-scaled.jpg?id=2129) !important;background-position: center !important;background-repeat: no-repeat !important;background-size: cover !important;}&#8221;][vc_column width=&#8221;1\/6&#8243;][vc_single_image image=&#8221;22416&#8243; img_size=&#8221;full&#8221; alignment=&#8221;center&#8221;][\/vc_column][vc_column width=&#8221;2\/3&#8243;][vc_column_text]<strong>Abonelik Ba\u015fvurular\u0131<\/strong>[\/vc_column_text][vc_column_text]Gayrimenkul\u00fcn\u00fcz\u00fc ald\u0131ktan sonra ev de kullanaca\u011f\u0131n\u0131z elektrik, su ve internet gibi aboneliklere ba\u015fvurma konusunda da sizlere yard\u0131mc\u0131 olmaktay\u0131z.[\/vc_column_text][\/vc_column][\/vc_row][vc_row full_width=&#8221;stretch_row&#8221; css=&#8221;.vc_custom_1672669470759{background: #ffffff url(https:\/\/truwahomes.com\/wp-content\/uploads\/2022\/02\/christin-hume-Hcfwew744z4-unsplash-scaled.jpg?id=2129) !important;background-position: center !important;background-repeat: no-repeat !important;background-size: cover !important;}&#8221;][vc_column width=&#8221;1\/6&#8243;][vc_single_image image=&#8221;22417&#8243; img_size=&#8221;full&#8221; alignment=&#8221;center&#8221;][\/vc_column][vc_column width=&#8221;2\/3&#8243;][vc_column_text]<strong>Mobilya ve Dekorasyon\u00a0<\/strong>[\/vc_column_text][vc_column_text]Ald\u0131\u011f\u0131n\u0131z gayrimenkul\u00fcn\u00fcz\u00fc istedi\u011finiz gibi dekore etmek i\u00e7in uzman ekibimiz sizlere mobilya ve beyaz e\u015fya al\u0131\u015fveri\u015fi konusunda yard\u0131mc\u0131 olacaklard\u0131r.[\/vc_column_text][\/vc_column][\/vc_row][vc_row full_width=&#8221;stretch_row&#8221; css=&#8221;.vc_custom_1672669470759{background: #ffffff url(https:\/\/truwahomes.com\/wp-content\/uploads\/2022\/02\/christin-hume-Hcfwew744z4-unsplash-scaled.jpg?id=2129) !important;background-position: center !important;background-repeat: no-repeat !important;background-size: cover !important;}&#8221;][vc_column width=&#8221;1\/6&#8243;][vc_single_image image=&#8221;22418&#8243; img_size=&#8221;full&#8221; alignment=&#8221;center&#8221;][\/vc_column][vc_column width=&#8221;2\/3&#8243;][vc_column_text]<strong>Ara\u00e7 Sat\u0131n Alma ve Kiralama\u00a0<\/strong>[\/vc_column_text][vc_column_text]B\u00fcnyemiz de bulundurdu\u011fumuz ara\u00e7 sat\u0131\u015f ve kiralama \u015firketimizle ara\u00e7 almak istedi\u011finiz taktirde sizlere yard\u0131mc\u0131 olmaktan mutluluk duyar\u0131z.[\/vc_column_text][\/vc_column][\/vc_row][vc_row full_width=&#8221;stretch_row&#8221; css=&#8221;.vc_custom_1672669470759{background: #ffffff url(https:\/\/truwahomes.com\/wp-content\/uploads\/2022\/02\/christin-hume-Hcfwew744z4-unsplash-scaled.jpg?id=2129) !important;background-position: center !important;background-repeat: no-repeat !important;background-size: cover !important;}&#8221;][vc_column width=&#8221;1\/6&#8243;][vc_single_image image=&#8221;22424&#8243; img_size=&#8221;full&#8221; alignment=&#8221;center&#8221;][\/vc_column][vc_column width=&#8221;2\/3&#8243;][vc_column_text]<strong>Avukatl\u0131k Hizmetleri<\/strong>[\/vc_column_text][vc_column_text]\u0130ster gayrimenkul al\u0131m-sat\u0131m s\u00fcrecinde, isterseniz de \u00f6zel konular\u0131n\u0131z da sizlere \u015firketimiz i\u00e7in hizmet veren avukatlar arac\u0131l\u0131\u011f\u0131yla yard\u0131mc\u0131 olmaktan mutluluk duyar\u0131z.[\/vc_column_text][\/vc_column][\/vc_row]<\/p>","protected":false},"excerpt":{"rendered":"<p>[vc_row full_width=&#8221;stretch_row&#8221; css=&#8221;.vc_custom_1672669470759{background: #ffffff url(https:\/\/truwahomes.com\/wp-content\/uploads\/2022\/02\/christin-hume-Hcfwew744z4-unsplash-scaled.jpg?id=2129) !important;background-position: center !important;background-repeat: no-repeat !important;background-size: cover !important;}&#8221;][vc_column width=&#8221;1\/6&#8243; offset=&#8221;vc_hidden-md&#8221;][vc_single_image image=&#8221;22372&#8243; img_size=&#8221;full&#8221; alignment=&#8221;center&#8221;][\/vc_column][vc_column width=&#8221;2\/3&#8243;][vc_column_text]Gayrimenkul Al\u0131m\u0131nda Sunum ve Rehberlik[\/vc_column_text][vc_column_text]M\u00fc\u015fterilerimize do\u011fru projeden ev almalar\u0131 i\u00e7in \u00f6ncelikle ofisimiz de sunum yapt\u0131ktan sonra be\u011fenilen ve se\u00e7ilen her projeyi yerinde g\u00f6rme a\u015famas\u0131nda yard\u0131mc\u0131 oluyoruz.[\/vc_column_text][\/vc_column][\/vc_row][vc_row full_width=&#8221;stretch_row&#8221; css=&#8221;.vc_custom_1672669470759{background: #ffffff url(https:\/\/truwahomes.com\/wp-content\/uploads\/2022\/02\/christin-hume-Hcfwew744z4-unsplash-scaled.jpg?id=2129) !important;background-position: center !important;background-repeat: no-repeat !important;background-size: cover !important;}&#8221;][vc_column width=&#8221;1\/6&#8243;][vc_single_image [&hellip;]<\/p>\n","protected":false},"author":5,"featured_media":0,"parent":0,"menu_order":0,"comment_status":"closed","ping_status":"closed","template":"","meta":{"inline_featured_image":false,"footnotes":""},"class_list":["post-2127","page","type-page","status-publish","hentry"],"yoast_head":"<!-- This site is optimized with the Yoast SEO plugin v27.5 - https:\/\/yoast.com\/product\/yoast-seo-wordpress\/ -->\n<title>Hizmetler - Truwa Homes<\/title>\n<meta name=\"robots\" content=\"index, follow, max-snippet:-1, max-image-preview:large, max-video-preview:-1\" \/>\n<link rel=\"canonical\" href=\"https:\/\/truwahomes.com\/services-template\/\" \/>\n<meta property=\"og:locale\" content=\"tr_TR\" \/>\n<meta property=\"og:type\" content=\"article\" \/>\n<meta property=\"og:title\" content=\"[:en]Services[:tr]Hizmetler[:ru]\u0423\u0441\u043b\u0443\u0433\u0438[:de]Dienstvorlage[:ar]Services template[:sv]Tj\u00e4nster mall[:no]Tjenester mal[:fa]\u0627\u0644\u06af\u0648\u06cc \u062e\u062f\u0645\u0627\u062a[:] - Truwa Homes\" \/>\n<meta property=\"og:description\" content=\"[vc_row full_width=&#8221;stretch_row&#8221; css=&#8221;.vc_custom_1672669470759{background: #ffffff url(https:\/\/truwahomes.com\/wp-content\/uploads\/2022\/02\/christin-hume-Hcfwew744z4-unsplash-scaled.jpg?id=2129) !important;background-position: center !important;background-repeat: no-repeat !important;background-size: cover !important;}&#8221;][vc_column width=&#8221;1\/6&#8243; offset=&#8221;vc_hidden-md&#8221;][vc_single_image image=&#8221;22372&#8243; img_size=&#8221;full&#8221; alignment=&#8221;center&#8221;][\/vc_column][vc_column width=&#8221;2\/3&#8243;][vc_column_text]Gayrimenkul Al\u0131m\u0131nda Sunum ve Rehberlik[\/vc_column_text][vc_column_text]M\u00fc\u015fterilerimize do\u011fru projeden ev almalar\u0131 i\u00e7in \u00f6ncelikle ofisimiz de sunum yapt\u0131ktan sonra be\u011fenilen ve se\u00e7ilen her projeyi yerinde g\u00f6rme a\u015famas\u0131nda yard\u0131mc\u0131 oluyoruz.[\/vc_column_text][\/vc_column][\/vc_row][vc_row full_width=&#8221;stretch_row&#8221; css=&#8221;.vc_custom_1672669470759{background: #ffffff url(https:\/\/truwahomes.com\/wp-content\/uploads\/2022\/02\/christin-hume-Hcfwew744z4-unsplash-scaled.jpg?id=2129) !important;background-position: center !important;background-repeat: no-repeat !important;background-size: cover !important;}&#8221;][vc_column width=&#8221;1\/6&#8243;][vc_single_image [&hellip;]\" \/>\n<meta property=\"og:url\" content=\"https:\/\/truwahomes.com\/services-template\/\" \/>\n<meta property=\"og:site_name\" content=\"Truwa Homes\" \/>\n<meta property=\"article:publisher\" content=\"https:\/\/www.facebook.com\/truwa.homes\/\" \/>\n<meta property=\"article:modified_time\" content=\"2026-01-24T20:03:42+00:00\" \/>\n<meta name=\"twitter:card\" content=\"summary_large_image\" \/>\n<meta name=\"twitter:label1\" content=\"Tahmini okuma s\u00fcresi\" \/>\n\t<meta name=\"twitter:data1\" content=\"17 dakika\" \/>\n<script type=\"application\/ld+json\" class=\"yoast-schema-graph\">{\"@context\":\"https:\\\/\\\/schema.org\",\"@graph\":[{\"@type\":\"WebPage\",\"@id\":\"https:\\\/\\\/truwahomes.com\\\/services-template\\\/\",\"url\":\"https:\\\/\\\/truwahomes.com\\\/services-template\\\/\",\"name\":\"[:en]Services[:tr]Hizmetler[:ru]\u0423\u0441\u043b\u0443\u0433\u0438[:de]Dienstvorlage[:ar]Services template[:sv]Tj\u00e4nster mall[:no]Tjenester mal[:fa]\u0627\u0644\u06af\u0648\u06cc \u062e\u062f\u0645\u0627\u062a[:] - Truwa Homes\",\"isPartOf\":{\"@id\":\"https:\\\/\\\/truwahomes.com\\\/#website\"},\"datePublished\":\"2022-02-26T14:44:20+00:00\",\"dateModified\":\"2026-01-24T20:03:42+00:00\",\"breadcrumb\":{\"@id\":\"https:\\\/\\\/truwahomes.com\\\/services-template\\\/#breadcrumb\"},\"inLanguage\":\"tr\",\"potentialAction\":[{\"@type\":\"ReadAction\",\"target\":[\"https:\\\/\\\/truwahomes.com\\\/services-template\\\/\"]}]},{\"@type\":\"BreadcrumbList\",\"@id\":\"https:\\\/\\\/truwahomes.com\\\/services-template\\\/#breadcrumb\",\"itemListElement\":[{\"@type\":\"ListItem\",\"position\":1,\"name\":\"Home\",\"item\":\"https:\\\/\\\/truwahomes.com\\\/\"},{\"@type\":\"ListItem\",\"position\":2,\"name\":\"Services\"}]},{\"@type\":\"WebSite\",\"@id\":\"https:\\\/\\\/truwahomes.com\\\/#website\",\"url\":\"https:\\\/\\\/truwahomes.com\\\/\",\"name\":\"Truwa Homes\",\"description\":\"Alanya da Emlak, Alanya da Gayrimenkul, Sat\u0131l\u0131k Daireler, Turkiye de Emlak,\",\"publisher\":{\"@id\":\"https:\\\/\\\/truwahomes.com\\\/#organization\"},\"potentialAction\":[{\"@type\":\"SearchAction\",\"target\":{\"@type\":\"EntryPoint\",\"urlTemplate\":\"https:\\\/\\\/truwahomes.com\\\/?s={search_term_string}\"},\"query-input\":{\"@type\":\"PropertyValueSpecification\",\"valueRequired\":true,\"valueName\":\"search_term_string\"}}],\"inLanguage\":\"tr\"},{\"@type\":\"Organization\",\"@id\":\"https:\\\/\\\/truwahomes.com\\\/#organization\",\"name\":\"Truw Homes Construction\",\"url\":\"https:\\\/\\\/truwahomes.com\\\/\",\"logo\":{\"@type\":\"ImageObject\",\"inLanguage\":\"tr\",\"@id\":\"https:\\\/\\\/truwahomes.com\\\/#\\\/schema\\\/logo\\\/image\\\/\",\"url\":\"https:\\\/\\\/truwahomes.com\\\/wp-content\\\/uploads\\\/2026\\\/01\\\/Truwa-Homes-Dik.jpg\",\"contentUrl\":\"https:\\\/\\\/truwahomes.com\\\/wp-content\\\/uploads\\\/2026\\\/01\\\/Truwa-Homes-Dik.jpg\",\"width\":1469,\"height\":1500,\"caption\":\"Truw Homes Construction\"},\"image\":{\"@id\":\"https:\\\/\\\/truwahomes.com\\\/#\\\/schema\\\/logo\\\/image\\\/\"},\"sameAs\":[\"https:\\\/\\\/www.facebook.com\\\/truwa.homes\\\/\",\"https:\\\/\\\/www.instagram.com\\\/truwahomes\\\/\",\"https:\\\/\\\/www.tiktok.com\\\/@truwahomes\"]}]}<\/script>\n<!-- \/ Yoast SEO plugin. -->","yoast_head_json":{"title":"[:en]Services[:tr]Hizmetler[:ru]\u0423\u0441\u043b\u0443\u0433\u0438[:de]Dienstvorlage[:ar]Services template[:sv]Tj\u00e4nster mall[:no]Tjenester mal[:fa]\u0627\u0644\u06af\u0648\u06cc \u062e\u062f\u0645\u0627\u062a[:] - Truwa Homes","robots":{"index":"index","follow":"follow","max-snippet":"max-snippet:-1","max-image-preview":"max-image-preview:large","max-video-preview":"max-video-preview:-1"},"canonical":"https:\/\/truwahomes.com\/services-template\/","og_locale":"tr_TR","og_type":"article","og_title":"[:en]Services[:tr]Hizmetler[:ru]\u0423\u0441\u043b\u0443\u0433\u0438[:de]Dienstvorlage[:ar]Services template[:sv]Tj\u00e4nster mall[:no]Tjenester mal[:fa]\u0627\u0644\u06af\u0648\u06cc \u062e\u062f\u0645\u0627\u062a[:] - Truwa Homes","og_description":"[vc_row full_width=&#8221;stretch_row&#8221; css=&#8221;.vc_custom_1672669470759{background: #ffffff url(https:\/\/truwahomes.com\/wp-content\/uploads\/2022\/02\/christin-hume-Hcfwew744z4-unsplash-scaled.jpg?id=2129) !important;background-position: center !important;background-repeat: no-repeat !important;background-size: cover !important;}&#8221;][vc_column width=&#8221;1\/6&#8243; offset=&#8221;vc_hidden-md&#8221;][vc_single_image image=&#8221;22372&#8243; img_size=&#8221;full&#8221; alignment=&#8221;center&#8221;][\/vc_column][vc_column width=&#8221;2\/3&#8243;][vc_column_text]Gayrimenkul Al\u0131m\u0131nda Sunum ve Rehberlik[\/vc_column_text][vc_column_text]M\u00fc\u015fterilerimize do\u011fru projeden ev almalar\u0131 i\u00e7in \u00f6ncelikle ofisimiz de sunum yapt\u0131ktan sonra be\u011fenilen ve se\u00e7ilen her projeyi yerinde g\u00f6rme a\u015famas\u0131nda yard\u0131mc\u0131 oluyoruz.[\/vc_column_text][\/vc_column][\/vc_row][vc_row full_width=&#8221;stretch_row&#8221; css=&#8221;.vc_custom_1672669470759{background: #ffffff url(https:\/\/truwahomes.com\/wp-content\/uploads\/2022\/02\/christin-hume-Hcfwew744z4-unsplash-scaled.jpg?id=2129) !important;background-position: center !important;background-repeat: no-repeat !important;background-size: cover !important;}&#8221;][vc_column width=&#8221;1\/6&#8243;][vc_single_image [&hellip;]","og_url":"https:\/\/truwahomes.com\/services-template\/","og_site_name":"Truwa Homes","article_publisher":"https:\/\/www.facebook.com\/truwa.homes\/","article_modified_time":"2026-01-24T20:03:42+00:00","twitter_card":"summary_large_image","twitter_misc":{"Tahmini okuma s\u00fcresi":"17 dakika"},"schema":{"@context":"https:\/\/schema.org","@graph":[{"@type":"WebPage","@id":"https:\/\/truwahomes.com\/services-template\/","url":"https:\/\/truwahomes.com\/services-template\/","name":"[:en]Services[:tr]Hizmetler[:ru]\u0423\u0441\u043b\u0443\u0433\u0438[:de]Dienstvorlage[:ar]Services template[:sv]Tj\u00e4nster mall[:no]Tjenester mal[:fa]\u0627\u0644\u06af\u0648\u06cc \u062e\u062f\u0645\u0627\u062a[:] - Truwa Homes","isPartOf":{"@id":"https:\/\/truwahomes.com\/#website"},"datePublished":"2022-02-26T14:44:20+00:00","dateModified":"2026-01-24T20:03:42+00:00","breadcrumb":{"@id":"https:\/\/truwahomes.com\/services-template\/#breadcrumb"},"inLanguage":"tr","potentialAction":[{"@type":"ReadAction","target":["https:\/\/truwahomes.com\/services-template\/"]}]},{"@type":"BreadcrumbList","@id":"https:\/\/truwahomes.com\/services-template\/#breadcrumb","itemListElement":[{"@type":"ListItem","position":1,"name":"Home","item":"https:\/\/truwahomes.com\/"},{"@type":"ListItem","position":2,"name":"Services"}]},{"@type":"WebSite","@id":"https:\/\/truwahomes.com\/#website","url":"https:\/\/truwahomes.com\/","name":"Truwa Homes","description":"Alanya da Emlak, Alanya da Gayrimenkul, Sat\u0131l\u0131k Daireler, Turkiye de Emlak,","publisher":{"@id":"https:\/\/truwahomes.com\/#organization"},"potentialAction":[{"@type":"SearchAction","target":{"@type":"EntryPoint","urlTemplate":"https:\/\/truwahomes.com\/?s={search_term_string}"},"query-input":{"@type":"PropertyValueSpecification","valueRequired":true,"valueName":"search_term_string"}}],"inLanguage":"tr"},{"@type":"Organization","@id":"https:\/\/truwahomes.com\/#organization","name":"Truw Homes Construction","url":"https:\/\/truwahomes.com\/","logo":{"@type":"ImageObject","inLanguage":"tr","@id":"https:\/\/truwahomes.com\/#\/schema\/logo\/image\/","url":"https:\/\/truwahomes.com\/wp-content\/uploads\/2026\/01\/Truwa-Homes-Dik.jpg","contentUrl":"https:\/\/truwahomes.com\/wp-content\/uploads\/2026\/01\/Truwa-Homes-Dik.jpg","width":1469,"height":1500,"caption":"Truw Homes Construction"},"image":{"@id":"https:\/\/truwahomes.com\/#\/schema\/logo\/image\/"},"sameAs":["https:\/\/www.facebook.com\/truwa.homes\/","https:\/\/www.instagram.com\/truwahomes\/","https:\/\/www.tiktok.com\/@truwahomes"]}]}},"_links":{"self":[{"href":"https:\/\/truwahomes.com\/tr\/wp-json\/wp\/v2\/pages\/2127","targetHints":{"allow":["GET"]}}],"collection":[{"href":"https:\/\/truwahomes.com\/tr\/wp-json\/wp\/v2\/pages"}],"about":[{"href":"https:\/\/truwahomes.com\/tr\/wp-json\/wp\/v2\/types\/page"}],"author":[{"embeddable":true,"href":"https:\/\/truwahomes.com\/tr\/wp-json\/wp\/v2\/users\/5"}],"replies":[{"embeddable":true,"href":"https:\/\/truwahomes.com\/tr\/wp-json\/wp\/v2\/comments?post=2127"}],"version-history":[{"count":3,"href":"https:\/\/truwahomes.com\/tr\/wp-json\/wp\/v2\/pages\/2127\/revisions"}],"predecessor-version":[{"id":30007,"href":"https:\/\/truwahomes.com\/tr\/wp-json\/wp\/v2\/pages\/2127\/revisions\/30007"}],"wp:attachment":[{"href":"https:\/\/truwahomes.com\/tr\/wp-json\/wp\/v2\/media?parent=2127"}],"curies":[{"name":"wp","href":"https:\/\/api.w.org\/{rel}","templated":true}]}}